{"id":344,"date":"2016-04-26T10:56:49","date_gmt":"2016-04-26T09:56:49","guid":{"rendered":"\/da\/?page_id=344"},"modified":"2025-10-16T15:05:51","modified_gmt":"2025-10-16T14:05:51","slug":"kontakt-os","status":"publish","type":"page","link":"https:\/\/www.fransksprog.dk\/da\/kontakt-os","title":{"rendered":"Kontakt os"},"content":{"rendered":"<p><strong>Institut fran\u00e7ais du Danemark<\/strong><br \/>\nRolighedsvej 37<br \/>\n1958 Frederiksberg C<\/p>\n<table style=\"height: 178px; width: 100%;\" width=\"991\">\n<tbody>\n<tr style=\"height: 168px;\">\n<td style=\"width: 38.477%; height: 168px;\"><img loading=\"lazy\" decoding=\"async\" class=\"wp-image-5906 aligncenter\" src=\"https:\/\/www.fransksprog.dk\/wp-content\/uploads\/photo-ange\u0301s-300x300.png\" alt=\"\" width=\"150\" height=\"150\" srcset=\"https:\/\/www.fransksprog.dk\/wp-content\/uploads\/photo-ange\u0301s-300x300.png 300w, https:\/\/www.fransksprog.dk\/wp-content\/uploads\/photo-ange\u0301s-150x150.png 150w, https:\/\/www.fransksprog.dk\/wp-content\/uploads\/photo-ange\u0301s-290x290.png 290w, https:\/\/www.fransksprog.dk\/wp-content\/uploads\/photo-ange\u0301s-110x110.png 110w, https:\/\/www.fransksprog.dk\/wp-content\/uploads\/photo-ange\u0301s.png 400w\" sizes=\"(max-width: 150px) 100vw, 150px\" \/><\/td>\n<td style=\"width: 61.4228%; height: 168px;\">\n<p style=\"text-align: left;\">Agn\u00e8s PALLINI-MARTIN<strong><br \/>\n<\/strong><\/p>\n<h4 style=\"text-align: left;\"><strong>Attach\u00e9e de coop\u00e9ration pour le fran\u00e7ais<\/strong><\/h4>\n<h4 style=\"text-align: left;\"><strong>Tel. : (+45) 51 50 30 85<\/strong><br \/>\n<strong>apm@institutfrancais.dk<\/strong><\/h4>\n<\/td>\n<\/tr>\n<tr style=\"height: 10px;\">\n<td style=\"width: 38.477%; height: 10px;\"><img loading=\"lazy\" decoding=\"async\" class=\"wp-image-5915 aligncenter\" src=\"https:\/\/www.fransksprog.dk\/wp-content\/uploads\/Claire-300x300.png\" alt=\"\" width=\"150\" height=\"150\" srcset=\"https:\/\/www.fransksprog.dk\/wp-content\/uploads\/Claire-300x300.png 300w, https:\/\/www.fransksprog.dk\/wp-content\/uploads\/Claire-150x150.png 150w, https:\/\/www.fransksprog.dk\/wp-content\/uploads\/Claire-290x290.png 290w, https:\/\/www.fransksprog.dk\/wp-content\/uploads\/Claire-110x110.png 110w, https:\/\/www.fransksprog.dk\/wp-content\/uploads\/Claire.png 400w\" sizes=\"(max-width: 150px) 100vw, 150px\" \/><\/td>\n<td style=\"width: 61.4228%; height: 10px;\">\n<p>Claire NO\u00cbL<\/p>\n<p><strong>Assistante de l&#8217;attach\u00e9 de coop\u00e9ration pour le fran\u00e7ais<\/strong><\/p>\n<h4><strong>Tel. : (+45) 26 21 67 41<\/strong><br \/>\n<strong>cn@institutfrancais.dk<\/strong><\/h4>\n<\/td>\n<\/tr>\n<\/tbody>\n<\/table>\n<div style=\"clear:both\"><\/div><div class=\"crunchify-social\"><!-- Social Sharing Buttons Plugin without any Java Script Loading by Crunchify.com - START--><h5><\/h5><a class=\"crunchify-link crunchify-facebook\" href=\"https:\/\/www.facebook.com\/sharer\/sharer.php?u=https:\/\/www.fransksprog.dk\/da\/kontakt-os\" target=\"_blank\" rel=\"nofollow\"><i class=\"fa fa-facebook\" aria-hidden=\"true\"><\/i><\/a><a class=\"crunchify-link crunchify-twitter\" href=\"https:\/\/twitter.com\/intent\/tweet?text=Kontakt%20os&amp;url=https:\/\/www.fransksprog.dk\/da\/kontakt-os&amp;via=\" target=\"_blank\" rel=\"nofollow\"><i class=\"fa fa-twitter\" aria-hidden=\"true\"><\/i><\/a><!-- Social Sharing Buttons Plugin - END--><\/div><div style=\"clear:both\">","protected":false},"excerpt":{"rendered":"<p>Institut fran\u00e7ais du Danemark Rolighedsvej 37 1958 Frederiksberg C Agn\u00e8s PALLINI-MARTIN Attach\u00e9e de coop\u00e9ration pour le fran\u00e7ais Tel. : (+45) 51 50 30 85 apm@institutfrancais.dk Claire NO\u00cbL Assistante de l&#8217;attach\u00e9 de coop\u00e9ration pour le fran\u00e7ais Tel. : (+45) 26 21 67 41 cn@institutfrancais.dk<\/p>\n","protected":false},"author":1,"featured_media":0,"parent":0,"menu_order":0,"comment_status":"closed","ping_status":"closed","template":"","meta":{"footnotes":""},"_links":{"self":[{"href":"https:\/\/www.fransksprog.dk\/da\/wp-json\/wp\/v2\/pages\/344"}],"collection":[{"href":"https:\/\/www.fransksprog.dk\/da\/wp-json\/wp\/v2\/pages"}],"about":[{"href":"https:\/\/www.fransksprog.dk\/da\/wp-json\/wp\/v2\/types\/page"}],"author":[{"embeddable":true,"href":"https:\/\/www.fransksprog.dk\/da\/wp-json\/wp\/v2\/users\/1"}],"replies":[{"embeddable":true,"href":"https:\/\/www.fransksprog.dk\/da\/wp-json\/wp\/v2\/comments?post=344"}],"version-history":[{"count":13,"href":"https:\/\/www.fransksprog.dk\/da\/wp-json\/wp\/v2\/pages\/344\/revisions"}],"predecessor-version":[{"id":5924,"href":"https:\/\/www.fransksprog.dk\/da\/wp-json\/wp\/v2\/pages\/344\/revisions\/5924"}],"wp:attachment":[{"href":"https:\/\/www.fransksprog.dk\/da\/wp-json\/wp\/v2\/media?parent=344"}],"curies":[{"name":"wp","href":"https:\/\/api.w.org\/{rel}","templated":true}]}}