{"id":342,"date":"2016-04-26T10:55:54","date_gmt":"2016-04-26T09:55:54","guid":{"rendered":"\/da\/?page_id=342"},"modified":"2016-04-29T16:37:15","modified_gmt":"2016-04-29T15:37:15","slug":"hvem-er-vi","status":"publish","type":"page","link":"https:\/\/www.fransksprog.dk\/da\/hvem-er-vi","title":{"rendered":"Hvem er vi?"},"content":{"rendered":"<h2>Hjemmesiden FranskSprog.dk<\/h2>\n<p><em>FranskSprog <\/em>er en hjemmeside med dokumentation til franskl\u00e6rere i Danmark. Form\u00e5let med siden er at lette l\u00e6rernes arbejde ved at tilbyde:<\/p>\n<ul>\n<li>p\u00e6dagogisk materiale, der er klar til brug;<\/li>\n<li>links til fransksprogede hjemmesider, som kan benyttes til forberedelse af undervisningen;<\/li>\n<li>artikler om det franske samfund<\/li>\n<li>tilbud til undervisere om videreuddannelse\/ efteruddannelse;<\/li>\n<li>nyheder om fransksprogede arrangementer i Danmark.<\/li>\n<\/ul>\n<p>De forskellige temaer bliver valgt p\u00e5 baggrund af l\u00e6rerne, samt grundskole- og gymnasieelevernes interesseomr\u00e5der. Vi bestr\u00e6ber os p\u00e5 l\u00f8bende at producere \u00a0og tilbyde materiale, der passer til det l\u00e6rerne eftersp\u00f8rger, b\u00e5de mht. temaer og anvendelighed i timerne.<\/p>\n<p>Det er gratis at f\u00e5 adgang til siden, og du m\u00e5 meget gerne dele ideer og kommentarer med os for at g\u00f8re siden til en udvekslingsplatform.<\/p>\n<p>Derudover kan man gratis tilmelde sig den m\u00e5nedlige \u201d<strong>bulletin p\u00e9dagogique<\/strong>\u201d.<\/p>\n<h3>Fortrolighedspoltik<\/h3>\n<p><strong>Hjemmesidens ophavsret:<\/strong><\/p>\n<p>Denne hjemmeside er udgivet af det Franske Institut i Danmark.<\/p>\n<p><strong>Fortrolighedsoplysninger :<\/strong><\/p>\n<p style=\"text-align: justify;\">Det Franske Institut anstrenger sig for at udgive pr\u00e6cise og opdaterede oplysninger. Det skal dog tilf\u00f8jes, at de indeholdte oplysninger p\u00e5 hjemmesiden udelukkende er udgivet til orientering. Oplysninger kan derfor, s\u00e6rligt i forbindelse med nyheder vise sig at v\u00e6re mangelfulde og udg\u00f8r ingen garanti. Deres form\u00e5l er at informere og hj\u00e6lpe internetbrugere i deres fremgangsm\u00e5de, n\u00e5r de vil l\u00e6rer fransk. Internetbrugere m\u00e5 meget gerne forh\u00f8re sig hos det Franske Instituts medarbejdere om andre oplysninger er tilg\u00e6ngelige eller n\u00f8dvendige. Som f\u00f8lge heraf, kan det Franske Institut ikke p\u00e5tage sig ansvar for oplysninger, der skulle forekomme p\u00e5 denne side. Derudover fral\u00e6gger det Franske Institut sig ethvert ansvar for andre siders tilg\u00e6ngelighed samt indholdet p\u00e5 andre sider, som er forbundet med denne side via links.<\/p>\n<p>&nbsp;<\/p>\n<div style=\"clear:both\"><\/div><div class=\"crunchify-social\"><!-- Social Sharing Buttons Plugin without any Java Script Loading by Crunchify.com - START--><h5><\/h5><a class=\"crunchify-link crunchify-facebook\" href=\"https:\/\/www.facebook.com\/sharer\/sharer.php?u=https:\/\/www.fransksprog.dk\/da\/hvem-er-vi\" target=\"_blank\" rel=\"nofollow\"><i class=\"fa fa-facebook\" aria-hidden=\"true\"><\/i><\/a><a class=\"crunchify-link crunchify-twitter\" href=\"https:\/\/twitter.com\/intent\/tweet?text=Hvem%20er%20vi?&amp;url=https:\/\/www.fransksprog.dk\/da\/hvem-er-vi&amp;via=\" target=\"_blank\" rel=\"nofollow\"><i class=\"fa fa-twitter\" aria-hidden=\"true\"><\/i><\/a><!-- Social Sharing Buttons Plugin - END--><\/div><div style=\"clear:both\">","protected":false},"excerpt":{"rendered":"<p>Hjemmesiden FranskSprog.dk FranskSprog er en hjemmeside med dokumentation til franskl\u00e6rere i Danmark. Form\u00e5let med siden er at lette l\u00e6rernes arbejde ved at tilbyde: p\u00e6dagogisk materiale, der er klar til brug; links til fransksprogede hjemmesider, som kan benyttes til forberedelse af undervisningen; artikler om det franske samfund tilbud til undervisere om videreuddannelse\/ efteruddannelse; nyheder om fransksprogede&#8230;<a href=\"https:\/\/www.fransksprog.dk\/da\/hvem-er-vi\" class=\"read-more\">Continue Reading ><\/a><\/p>\n","protected":false},"author":1,"featured_media":0,"parent":0,"menu_order":0,"comment_status":"closed","ping_status":"closed","template":"","meta":{"footnotes":""},"_links":{"self":[{"href":"https:\/\/www.fransksprog.dk\/da\/wp-json\/wp\/v2\/pages\/342"}],"collection":[{"href":"https:\/\/www.fransksprog.dk\/da\/wp-json\/wp\/v2\/pages"}],"about":[{"href":"https:\/\/www.fransksprog.dk\/da\/wp-json\/wp\/v2\/types\/page"}],"author":[{"embeddable":true,"href":"https:\/\/www.fransksprog.dk\/da\/wp-json\/wp\/v2\/users\/1"}],"replies":[{"embeddable":true,"href":"https:\/\/www.fransksprog.dk\/da\/wp-json\/wp\/v2\/comments?post=342"}],"version-history":[{"count":4,"href":"https:\/\/www.fransksprog.dk\/da\/wp-json\/wp\/v2\/pages\/342\/revisions"}],"predecessor-version":[{"id":397,"href":"https:\/\/www.fransksprog.dk\/da\/wp-json\/wp\/v2\/pages\/342\/revisions\/397"}],"wp:attachment":[{"href":"https:\/\/www.fransksprog.dk\/da\/wp-json\/wp\/v2\/media?parent=342"}],"curies":[{"name":"wp","href":"https:\/\/api.w.org\/{rel}","templated":true}]}}